{"id":189,"date":"2023-07-19T10:50:10","date_gmt":"2023-07-19T08:50:10","guid":{"rendered":"https:\/\/matiere-tp.com\/?page_id=189"},"modified":"2025-02-12T14:30:45","modified_gmt":"2025-02-12T13:30:45","slug":"entreprise","status":"publish","type":"page","link":"https:\/\/www.matiere-tp.com\/es\/entreprise\/","title":{"rendered":"Nuestra empresa"},"content":{"rendered":"<div class=\"wp-block-group niveau-0\"><div class=\"wp-block-group__inner-container is-layout-flow wp-block-group-is-layout-flow\">\n<p>En nuestro sector, constantemente debemos tener una idea de antemano para consolidar nuestros logros y conquistar nuevos mercados. Es por eso que hemos colocado la innovaci\u00f3n en el coraz\u00f3n de nuestro desarrollo desde 1932. En nuestras oficinas de dise\u00f1o, nuestros ingenieros y t\u00e9cnicos est\u00e1n constantemente inventando nuevos procesos, muy a menudo patentados. Nuestros conceptos b\u00e1sicos se mejoran y complementan constantemente para adaptar cada estructura a la diversidad de situaciones y necesidades, mejorando al mismo tiempo nuestra competitividad tanto en costes como en calidad.<\/p>\n\n\n\n<p><strong>Mati\u00e8re<sup>\u00ae<\/sup> le ofrecer\u00e1 siempre un producto completo y una soluci\u00f3n econ\u00f3mica personalizada, con todas las garant\u00edas en cuanto a calidad, seguridad y respeto por el medio ambiente.<\/strong><\/p>\n<\/div><\/div>\n\n\n\n<div class=\"wp-block-group niveau-1\"><div class=\"wp-block-group__inner-container is-layout-flow wp-block-group-is-layout-flow\">\n<div class=\"wp-block-image\"><figure class=\"aligncenter size-large\"><img loading=\"lazy\" decoding=\"async\" width=\"95\" height=\"102\" src=\"https:\/\/matiere-tp.com\/wp-content\/uploads\/2020\/07\/logo-icone-matiere-tp.png\" alt=\"\" class=\"wp-image-182\"\/><\/figure><\/div>\n\n\n\n<h4 class=\"has-text-align-center wp-block-heading\">El control de toda nuestra cadena de valor<\/h4>\n<\/div><\/div>\n\n\n\n<div class=\"wp-block-group niveau-3\"><div class=\"wp-block-group__inner-container is-layout-flow wp-block-group-is-layout-flow\">\n<div class=\"wp-block-columns is-layout-flex wp-container-core-columns-is-layout-9d6595d7 wp-block-columns-is-layout-flex\">\n<div class=\"wp-block-column is-layout-flow wp-block-column-is-layout-flow\">\n<div class=\"wp-block-group\"><div class=\"wp-block-group__inner-container is-layout-flow wp-block-group-is-layout-flow\">\n<figure class=\"wp-block-image size-large\"><img loading=\"lazy\" decoding=\"async\" width=\"285\" height=\"107\" src=\"https:\/\/matiere-tp.com\/wp-content\/uploads\/2020\/07\/visuel-entreprise-1.png\" alt=\"\" class=\"wp-image-175\"\/><\/figure>\n\n\n\n<h4>Desde el dise\u00f1o :<\/h4>\n<p>Nuestras oficinas de dise\u00f1o innovan, tambi\u00e9n te apoyan. Para ir m\u00e1s all\u00e1 del dise\u00f1o de estructuras, tambi\u00e9n lo ayudamos a cumplir con los requisitos ambientales, geogr\u00e1ficos y clim\u00e1ticos espec\u00edficos de cada sitio. Incluso podemos orientarlo hacia la financiaci\u00f3n internacional adecuada.<\/p>\n<\/div><\/div>\n<\/div>\n\n\n\n<div class=\"wp-block-column is-layout-flow wp-block-column-is-layout-flow\">\n<div class=\"wp-block-group\"><div class=\"wp-block-group__inner-container is-layout-flow wp-block-group-is-layout-flow\">\n<figure class=\"wp-block-image size-large\"><img loading=\"lazy\" decoding=\"async\" width=\"285\" height=\"102\" src=\"https:\/\/matiere-tp.com\/wp-content\/uploads\/2020\/07\/visuel-entreprise-2.png\" alt=\"\" class=\"wp-image-176\"\/><\/figure>\n\n\n\n<h4>Al montaje :<\/h4>\n<p>Todo lo realizan nuestros empleados. Las chapas de acero son cortadas, ensambladas y soldadas para ser transformadas en estructuras, que nuestras f\u00e1bricas fabrican y que nuestros equipos instalan despu\u00e9s del dise\u00f1o por nuestros ingenieros. La pr\u00e1ctica de unos nutre el reflejo de otros. As\u00ed es como desarrollamos constantemente nuestros productos para usted.<\/p>\n<\/div><\/div>\n<\/div>\n\n\n\n<div class=\"wp-block-column is-layout-flow wp-block-column-is-layout-flow\">\n<div class=\"wp-block-group\"><div class=\"wp-block-group__inner-container is-layout-flow wp-block-group-is-layout-flow\">\n<figure class=\"wp-block-image size-large\"><img loading=\"lazy\" decoding=\"async\" width=\"285\" height=\"107\" src=\"https:\/\/matiere-tp.com\/wp-content\/uploads\/2020\/07\/visuel-entreprise-3.png\" alt=\"\" class=\"wp-image-177\"\/><\/figure>\n\n\n\n<h4>Hasta su uso :<\/h4>\n<p>Con nosotros, la historia de una obra no termina con su entrega e instalaci\u00f3n. Si es necesario, lo ayudamos a resolver los problemas de instalaci\u00f3n en el sitio. Velamos por el mantenimiento y buen funcionamiento de los puentes, t\u00faneles, pasajes subterr\u00e1neos que hemos fabricado o las redes que hemos instalado.<\/p>\n<\/div><\/div>\n<\/div>\n<\/div>\n<\/div><\/div>\n\n\n\n<figure class=\"wp-block-embed-youtube wp-block-embed is-type-video is-provider-youtube wp-embed-aspect-16-9 wp-has-aspect-ratio\"><div class=\"wp-block-embed__wrapper\">\n<iframe loading=\"lazy\" title=\"MATIERE\" width=\"580\" height=\"326\" src=\"https:\/\/www.youtube.com\/embed\/UnZaFKshLH0?feature=oembed\" frameborder=\"0\" allow=\"accelerometer; autoplay; clipboard-write; encrypted-media; gyroscope; picture-in-picture; web-share\" referrerpolicy=\"strict-origin-when-cross-origin\" allowfullscreen><\/iframe>\n<\/div><\/figure>","protected":false},"excerpt":{"rendered":"<p>En nuestro sector, constantemente debemos tener una idea de antemano para consolidar nuestros logros y conquistar nuevos mercados. Es por eso que hemos colocado la innovaci\u00f3n en el coraz\u00f3n de nuestro desarrollo desde 1932. En nuestras oficinas de dise\u00f1o, nuestros ingenieros y t\u00e9cnicos est\u00e1n constantemente inventando nuevos procesos, muy a menudo patentados. Nuestros conceptos b\u00e1sicos [&hellip;]<\/p>\n","protected":false},"author":5,"featured_media":0,"parent":0,"menu_order":0,"comment_status":"closed","ping_status":"closed","template":"templates\/page-entreprise.php","meta":{"_acf_changed":false,"footnotes":""},"categories":[],"tags":[],"class_list":["post-189","page","type-page","status-publish","hentry"],"acf":[],"aioseo_notices":[],"_links":{"self":[{"href":"https:\/\/www.matiere-tp.com\/es\/wp-json\/wp\/v2\/pages\/189","targetHints":{"allow":["GET"]}}],"collection":[{"href":"https:\/\/www.matiere-tp.com\/es\/wp-json\/wp\/v2\/pages"}],"about":[{"href":"https:\/\/www.matiere-tp.com\/es\/wp-json\/wp\/v2\/types\/page"}],"author":[{"embeddable":true,"href":"https:\/\/www.matiere-tp.com\/es\/wp-json\/wp\/v2\/users\/5"}],"replies":[{"embeddable":true,"href":"https:\/\/www.matiere-tp.com\/es\/wp-json\/wp\/v2\/comments?post=189"}],"version-history":[{"count":5,"href":"https:\/\/www.matiere-tp.com\/es\/wp-json\/wp\/v2\/pages\/189\/revisions"}],"predecessor-version":[{"id":1123,"href":"https:\/\/www.matiere-tp.com\/es\/wp-json\/wp\/v2\/pages\/189\/revisions\/1123"}],"wp:attachment":[{"href":"https:\/\/www.matiere-tp.com\/es\/wp-json\/wp\/v2\/media?parent=189"}],"wp:term":[{"taxonomy":"category","embeddable":true,"href":"https:\/\/www.matiere-tp.com\/es\/wp-json\/wp\/v2\/categories?post=189"},{"taxonomy":"post_tag","embeddable":true,"href":"https:\/\/www.matiere-tp.com\/es\/wp-json\/wp\/v2\/tags?post=189"}],"curies":[{"name":"wp","href":"https:\/\/api.w.org\/{rel}","templated":true}]}}