{"id":517,"date":"2020-07-28T12:01:31","date_gmt":"2020-07-28T10:01:31","guid":{"rendered":"https:\/\/www.matiere-tp.com\/?page_id=517"},"modified":"2022-11-09T17:48:29","modified_gmt":"2022-11-09T16:48:29","slug":"mentions-legales","status":"publish","type":"page","link":"https:\/\/www.matiere-tp.com\/es\/mentions-legales\/","title":{"rendered":"Copyright"},"content":{"rendered":"<h2 class=\"wp-block-heading\"><strong>Derechos y deberes de los usuarios<\/strong><\/h2>\n\n\n\n<p>La informaci\u00f3n publicada en el sitio web de la sociedad\u00a0Mati\u00e8re<sup>\u00ae<\/sup> es propiedad de la sociedad Mati\u00e8re<sup>\u00ae<\/sup>. Cualquier copia total o parcial no puede hacerse sin el consentimiento de la sociedad\u00a0Mati\u00e8re<sup>\u00ae<\/sup>.<\/p>\n\n\n\n<p>Los usuarios son responsables de la interpretaci\u00f3n y el uso que hagan de la informaci\u00f3n y documentaci\u00f3n del sitio web.&nbsp;Es su responsabilidad hacer uso conforme a la normativa vigente y las recomendaciones de la Comisi\u00f3n Nacional de Inform\u00e1tica y Libertades (CNIL) cuando los datos son de car\u00e1cter personal.<\/p>\n\n\n\n<p>En particular, deben saber que las informaciones s\u00f3lo debe utilizarse con fines profesionales, la captura dela pantalla&nbsp;que sirve para reconstruir o ampliar una base de datos nominativa o documental es contraria a la ley francesa y, por tanto, prohibida, como la utilizaci\u00f3n para fines comerciales o publicitarios.<\/p>\n\n\n\n<p>La implementaci\u00f3n de enlaces de hipertexto a p\u00e1ginas de terceros o de los documentos publicados en el sitio web de la sociedad\u00a0Mati\u00e8re<sup>\u00ae<\/sup>, que\u00a0puede constituir realmente una infracci\u00f3n del derecho de autor, es un acto sujeto al parasitismo o la difamaci\u00f3n, deben estar sujetas a la autorizaci\u00f3n de la sociedad\u00a0Mati\u00e8re<sup>\u00ae<\/sup> que puede ser solicitada directamente a la administraci\u00f3n del sitio o a los servicios en cuesti\u00f3n en la sociedad\u00a0Mati\u00e8re<sup>\u00ae<\/sup>.<\/p>\n\n\n\n<p>El se conceder\u00e1 si los enlaces no son contrarias a los intereses de la sociedad Mati\u00e8re<sup>\u00ae<\/sup>, y, si garantizan la posibilidad para el usuario de identificar la sociedad original\u00a0Mati\u00e8re<sup>\u00ae<\/sup>\u00a0del documento en el caso de los enlaces\u00a0profundos, de encuadre o de inserci\u00f3n de los enlaces.<\/p>\n\n\n\n<p>Los textos legales (web CNIL)<\/p>\n\n\n\n<ul class=\"wp-block-list\"><li>Ley N\u00ba 78-17 del 6 de enero de 1978 relativa a las computadoras, archivos y libertades, conocida como <em>De Protecci\u00f3n de Datos<\/em><\/li><li>La deliberaci\u00f3n CNIL n \u00b0 81-94 de 21 de julio de 1981, relativa a la adopci\u00f3n de una recomendaci\u00f3n relativa a las medidas generales de seguridad de sistemas inform\u00e1ticos<\/li><li>Ley N\u00ba 88-19 del 5 de enero 1988 sobre el fraude inform\u00e1tico, conocida como <em>Ley Godfrain<\/em><\/li><\/ul>","protected":false},"excerpt":{"rendered":"<p>Derechos y deberes de los usuarios La informaci\u00f3n publicada en el sitio web de la sociedad\u00a0Mati\u00e8re\u00ae es propiedad de la sociedad Mati\u00e8re\u00ae. Cualquier copia total o parcial no puede hacerse sin el consentimiento de la sociedad\u00a0Mati\u00e8re\u00ae. Los usuarios son responsables de la interpretaci\u00f3n y el uso que hagan de la informaci\u00f3n y documentaci\u00f3n del sitio [&hellip;]<\/p>\n","protected":false},"author":3,"featured_media":0,"parent":0,"menu_order":0,"comment_status":"closed","ping_status":"closed","template":"templates\/page-classique.php","meta":{"_acf_changed":false,"footnotes":""},"categories":[],"tags":[],"class_list":["post-517","page","type-page","status-publish","hentry"],"acf":[],"aioseo_notices":[],"_links":{"self":[{"href":"https:\/\/www.matiere-tp.com\/es\/wp-json\/wp\/v2\/pages\/517","targetHints":{"allow":["GET"]}}],"collection":[{"href":"https:\/\/www.matiere-tp.com\/es\/wp-json\/wp\/v2\/pages"}],"about":[{"href":"https:\/\/www.matiere-tp.com\/es\/wp-json\/wp\/v2\/types\/page"}],"author":[{"embeddable":true,"href":"https:\/\/www.matiere-tp.com\/es\/wp-json\/wp\/v2\/users\/3"}],"replies":[{"embeddable":true,"href":"https:\/\/www.matiere-tp.com\/es\/wp-json\/wp\/v2\/comments?post=517"}],"version-history":[{"count":3,"href":"https:\/\/www.matiere-tp.com\/es\/wp-json\/wp\/v2\/pages\/517\/revisions"}],"predecessor-version":[{"id":1021,"href":"https:\/\/www.matiere-tp.com\/es\/wp-json\/wp\/v2\/pages\/517\/revisions\/1021"}],"wp:attachment":[{"href":"https:\/\/www.matiere-tp.com\/es\/wp-json\/wp\/v2\/media?parent=517"}],"wp:term":[{"taxonomy":"category","embeddable":true,"href":"https:\/\/www.matiere-tp.com\/es\/wp-json\/wp\/v2\/categories?post=517"},{"taxonomy":"post_tag","embeddable":true,"href":"https:\/\/www.matiere-tp.com\/es\/wp-json\/wp\/v2\/tags?post=517"}],"curies":[{"name":"wp","href":"https:\/\/api.w.org\/{rel}","templated":true}]}}