{"id":97,"date":"2020-07-15T10:52:25","date_gmt":"2020-07-15T08:52:25","guid":{"rendered":"https:\/\/www.matiere-tp.com\/?page_id=97"},"modified":"2022-11-09T17:48:43","modified_gmt":"2022-11-09T16:48:43","slug":"solutions-beton","status":"publish","type":"page","link":"https:\/\/www.matiere-tp.com\/es\/solutions-beton\/","title":{"rendered":"SOLUCIONES DE HORMIG\u00d3N"},"content":{"rendered":"<p>Desde 1983, MATIERE<sup>\u00ae<\/sup> <strong>desarrolla su propia gama<\/strong> de estructuras prefabricadas de hormig\u00f3n armado, con toda la gama hist\u00f3rica de <strong>conductos Mati\u00e8re<sup>\u00ae<\/sup><\/strong>, o m\u00e1s recientemente la gama de <strong>hormig\u00f3n pretensado<\/strong>.<\/p>","protected":false},"excerpt":{"rendered":"<p>Desde 1983, MATIERE\u00ae desarrolla su propia gama de estructuras prefabricadas de hormig\u00f3n armado, con toda la gama hist\u00f3rica de conductos Mati\u00e8re\u00ae, o m\u00e1s recientemente la gama de hormig\u00f3n pretensado.<\/p>\n","protected":false},"author":5,"featured_media":0,"parent":0,"menu_order":0,"comment_status":"closed","ping_status":"closed","template":"templates\/template-page-categorie.php","meta":{"_acf_changed":false,"footnotes":""},"categories":[],"tags":[],"class_list":["post-97","page","type-page","status-publish","hentry"],"acf":[],"aioseo_notices":[],"_links":{"self":[{"href":"https:\/\/www.matiere-tp.com\/es\/wp-json\/wp\/v2\/pages\/97","targetHints":{"allow":["GET"]}}],"collection":[{"href":"https:\/\/www.matiere-tp.com\/es\/wp-json\/wp\/v2\/pages"}],"about":[{"href":"https:\/\/www.matiere-tp.com\/es\/wp-json\/wp\/v2\/types\/page"}],"author":[{"embeddable":true,"href":"https:\/\/www.matiere-tp.com\/es\/wp-json\/wp\/v2\/users\/5"}],"replies":[{"embeddable":true,"href":"https:\/\/www.matiere-tp.com\/es\/wp-json\/wp\/v2\/comments?post=97"}],"version-history":[{"count":3,"href":"https:\/\/www.matiere-tp.com\/es\/wp-json\/wp\/v2\/pages\/97\/revisions"}],"predecessor-version":[{"id":1022,"href":"https:\/\/www.matiere-tp.com\/es\/wp-json\/wp\/v2\/pages\/97\/revisions\/1022"}],"wp:attachment":[{"href":"https:\/\/www.matiere-tp.com\/es\/wp-json\/wp\/v2\/media?parent=97"}],"wp:term":[{"taxonomy":"category","embeddable":true,"href":"https:\/\/www.matiere-tp.com\/es\/wp-json\/wp\/v2\/categories?post=97"},{"taxonomy":"post_tag","embeddable":true,"href":"https:\/\/www.matiere-tp.com\/es\/wp-json\/wp\/v2\/tags?post=97"}],"curies":[{"name":"wp","href":"https:\/\/api.w.org\/{rel}","templated":true}]}}