{"id":105,"date":"2020-07-15T13:00:22","date_gmt":"2020-07-15T11:00:22","guid":{"rendered":"https:\/\/www.matiere-tp.com\/?page_id=105"},"modified":"2022-11-09T17:33:06","modified_gmt":"2022-11-09T16:33:06","slug":"solutions-metal","status":"publish","type":"page","link":"https:\/\/www.matiere-tp.com\/fr\/solutions-metal\/","title":{"rendered":"SOLUTIONS M\u00c9TAL"},"content":{"rendered":"<p>Depuis plus de 25 ans, nous mettons en \u0153uvre notre savoir-faire pour fabriquer et concevoir des ouvrages d\u2019art m\u00e9talliques 100% fran\u00e7ais. Ponts \u00e0 poutres, \u00e0 haubans, \u00e0 caissons ou passerelles, nos solutions m\u00e9tal sont une r\u00e9f\u00e9rence en France et dans le monde entier. Avec plus de 450 r\u00e9f\u00e9rences, Mati\u00e8re<sup>\u00ae<\/sup> est aujourd\u2019hui le 1<sup>er<\/sup> fabriquant de charpentes et d\u2019ouvrages d\u2019art m\u00e9talliques.<\/p>","protected":false},"excerpt":{"rendered":"<p>Depuis plus de 25 ans, nous mettons en \u0153uvre notre savoir-faire pour fabriquer et concevoir des ouvrages d\u2019art m\u00e9talliques 100% fran\u00e7ais. Ponts \u00e0 poutres, \u00e0 haubans, \u00e0 caissons ou passerelles, nos solutions m\u00e9tal sont une r\u00e9f\u00e9rence en France et dans le monde entier. Avec plus de 450 r\u00e9f\u00e9rences, Mati\u00e8re\u00ae est aujourd\u2019hui le 1er fabriquant de [&hellip;]<\/p>\n","protected":false},"author":5,"featured_media":0,"parent":0,"menu_order":0,"comment_status":"closed","ping_status":"closed","template":"templates\/template-page-categorie.php","meta":{"_acf_changed":false,"footnotes":""},"categories":[],"tags":[],"class_list":["post-105","page","type-page","status-publish","hentry"],"acf":[],"aioseo_notices":[],"_links":{"self":[{"href":"https:\/\/www.matiere-tp.com\/fr\/wp-json\/wp\/v2\/pages\/105","targetHints":{"allow":["GET"]}}],"collection":[{"href":"https:\/\/www.matiere-tp.com\/fr\/wp-json\/wp\/v2\/pages"}],"about":[{"href":"https:\/\/www.matiere-tp.com\/fr\/wp-json\/wp\/v2\/types\/page"}],"author":[{"embeddable":true,"href":"https:\/\/www.matiere-tp.com\/fr\/wp-json\/wp\/v2\/users\/5"}],"replies":[{"embeddable":true,"href":"https:\/\/www.matiere-tp.com\/fr\/wp-json\/wp\/v2\/comments?post=105"}],"version-history":[{"count":3,"href":"https:\/\/www.matiere-tp.com\/fr\/wp-json\/wp\/v2\/pages\/105\/revisions"}],"predecessor-version":[{"id":1013,"href":"https:\/\/www.matiere-tp.com\/fr\/wp-json\/wp\/v2\/pages\/105\/revisions\/1013"}],"wp:attachment":[{"href":"https:\/\/www.matiere-tp.com\/fr\/wp-json\/wp\/v2\/media?parent=105"}],"wp:term":[{"taxonomy":"category","embeddable":true,"href":"https:\/\/www.matiere-tp.com\/fr\/wp-json\/wp\/v2\/categories?post=105"},{"taxonomy":"post_tag","embeddable":true,"href":"https:\/\/www.matiere-tp.com\/fr\/wp-json\/wp\/v2\/tags?post=105"}],"curies":[{"name":"wp","href":"https:\/\/api.w.org\/{rel}","templated":true}]}}