{"id":189,"date":"2023-07-19T10:50:10","date_gmt":"2023-07-19T08:50:10","guid":{"rendered":"https:\/\/matiere-tp.com\/?page_id=189"},"modified":"2025-02-12T14:30:45","modified_gmt":"2025-02-12T13:30:45","slug":"entreprise","status":"publish","type":"page","link":"https:\/\/www.matiere-tp.com\/fr\/entreprise\/","title":{"rendered":"Entreprise"},"content":{"rendered":"<div class=\"wp-block-group niveau-0\"><div class=\"wp-block-group__inner-container is-layout-flow wp-block-group-is-layout-flow\">\n<p>D&rsquo;une petite entreprise familiale \u00e0 un leader de la construction de ponts, l&rsquo;histoire de Mati\u00e8re\u00ae est atypique. Et pourtant, l&rsquo;entreprise cantalienne emploie aujourd&rsquo;hui pr\u00e8s de 500 personnes et son activit\u00e9 rayonne \u00e0 l&rsquo;international avec une pr\u00e9sence sur les cinq continents.<br><br>Identif\u00e9e sur son march\u00e9 pour ses ouvrages d&rsquo;art durables et performants, et notamment r\u00e9put\u00e9e pour ses constructions m\u00e9talliques modulaires Unibridge\u00ae, Mati\u00e8re\u00ae ne cesse d&rsquo;innover dans son offre de solutions pr\u00e9fabriqu\u00e9es.<br><br>Philippe Mati\u00e8re, pr\u00e9sident de l&rsquo;entreprise, avait une id\u00e9e tr\u00e8s claire de ce qui deviendra par la suite les ponts Unibridge\u00ae : un ouvrage modulable, rapide \u00e0 monter, \u00e9conomique, assemblable \u00e0 la grue ou par lan\u00e7age, transportable en conteneurs de 40 pieds et respectant l\u2019ensemble des normes internationales.<br><br>Dans notre secteur, il faut constamment avoir une id\u00e9e d\u2019avance pour conforter ses acquis et conqu\u00e9rir de nouveaux march\u00e9s. C\u2019est pourquoi nous pla\u00e7ons l\u2019innovation au c\u0153ur de notre d\u00e9veloppement depuis 1932. Dans nos bureaux d\u2019\u00e9tudes, nos ing\u00e9nieurs et techniciens inventent en permanence de nouveaux proc\u00e9d\u00e9s, tr\u00e8s souvent brevet\u00e9s. Nos concepts de base sont sans cesse perfectionn\u00e9s et compl\u00e9t\u00e9s pour adapter chaque ouvrage \u00e0 la diversit\u00e9 des situations et des besoins, tout en am\u00e9liorant notre comp\u00e9titivit\u00e9 en termes de co\u00fbts comme de qualit\u00e9.<\/p>\n\n\n\n<p><strong>Mati\u00e8re\u00ae vous proposera toujours un produit complet et une solution \u00e9conomique personnalis\u00e9e, avec toutes les garanties en termes de qualit\u00e9, de s\u00e9curit\u00e9 et d\u2019environnement.<\/strong><\/p>\n\n\n\n<div class=\"sc_block_image_url\"><div class=\"row\"><div class=\"col col-12 \"><div class=\"sc_block_image_url__item\" style=\"background: url(\/wp-content\/uploads\/2023\/11\/engagements-rse-matiere-min-scaled-e1684702893365-1024x683.jpg) no-repeat center center;background-size: cover;height: 200px;\"><a href=\"\/ENGAGEMENTS-RSE\"><span class=\"texte\" style=\" padding-left: 15px; padding-right: 50px; \">ENGAGEMENTS RSE<\/span><\/a><\/div><\/div><\/div><\/div>\n\n\n\n<p><\/p>\n<\/div><\/div>\n\n\n\n<div class=\"wp-block-group niveau-1\"><div class=\"wp-block-group__inner-container is-layout-flow wp-block-group-is-layout-flow\">\n<div class=\"wp-block-image\"><figure class=\"aligncenter size-large\"><img loading=\"lazy\" decoding=\"async\" width=\"95\" height=\"102\" src=\"https:\/\/matiere-tp.com\/wp-content\/uploads\/2020\/07\/logo-icone-matiere-tp.png\" alt=\"\" class=\"wp-image-182\"\/><\/figure><\/div>\n\n\n\n<h2 class=\"has-text-align-center wp-block-heading\">Au plus pr\u00e8s de nos projets<\/h2>\n<\/div><\/div>\n\n\n\n<div class=\"wp-block-group niveau-3\"><div class=\"wp-block-group__inner-container is-layout-flow wp-block-group-is-layout-flow\">\n<div class=\"wp-block-columns is-layout-flex wp-container-core-columns-is-layout-9d6595d7 wp-block-columns-is-layout-flex\">\n<div class=\"wp-block-column is-layout-flow wp-block-column-is-layout-flow\">\n<div class=\"wp-block-group\"><div class=\"wp-block-group__inner-container is-layout-flow wp-block-group-is-layout-flow\">\n<figure class=\"wp-block-image size-large\"><img loading=\"lazy\" decoding=\"async\" width=\"285\" height=\"107\" src=\"https:\/\/matiere-tp.com\/wp-content\/uploads\/2020\/07\/visuel-entreprise-1.png\" alt=\"\" class=\"wp-image-175\"\/><\/figure>\n\n\n\n<h4>De la conception :<\/h4>\n<p>L\u2019innovation et l\u2019accompagnement client sont des axes incontournables pour nos bureaux d\u2019\u00e9tudes. La d\u00e9marche de notre entreprise ne s\u2019arr\u00eate pas seulement \u00e0 la conception d\u2019ouvrages d\u2019art, nous nous engageons \u00e9galement &nbsp;\u00e0 vous aider afin de r\u00e9pondre ensemble au contraintes g\u00e9ographiques, climatiques ou encore environnementales. Nous pouvons \u00e9galement vous conseiller et vous orienter vers des financements internationaux appropri\u00e9s.<\/p>\n<\/div><\/div>\n<\/div>\n\n\n\n<div class=\"wp-block-column is-layout-flow wp-block-column-is-layout-flow\">\n<div class=\"wp-block-group\"><div class=\"wp-block-group__inner-container is-layout-flow wp-block-group-is-layout-flow\">\n<figure class=\"wp-block-image size-large\"><img loading=\"lazy\" decoding=\"async\" width=\"285\" height=\"102\" src=\"https:\/\/matiere-tp.com\/wp-content\/uploads\/2020\/07\/visuel-entreprise-2.png\" alt=\"\" class=\"wp-image-176\"\/><\/figure>\n\n\n\n<h4>\u00c0 la confection:<\/h4>\n<p>La totalit\u00e9 de nos travaux sont r\u00e9alis\u00e9s par nos salari\u00e9s, le processus de fabrication d\u00e9bute dans nos usines par la d\u00e9coupe, l\u2019assemblage et le soudage des t\u00f4les d\u2019aciers pour \u00eatre transform\u00e9es en ouvrage, puis nos \u00e9quipes prennent le relais pour la pose apr\u00e8s conception par nos ing\u00e9nieurs. La pratique des uns nourrit la r\u00e9flexion des autres. C\u2019est pour cette raison que nous faisons constamment \u00e9voluer nos produits pour vous.<\/p>\n<\/div><\/div>\n<\/div>\n\n\n\n<div class=\"wp-block-column is-layout-flow wp-block-column-is-layout-flow\">\n<div class=\"wp-block-group\"><div class=\"wp-block-group__inner-container is-layout-flow wp-block-group-is-layout-flow\">\n<figure class=\"wp-block-image size-large\"><img loading=\"lazy\" decoding=\"async\" width=\"285\" height=\"107\" src=\"https:\/\/matiere-tp.com\/wp-content\/uploads\/2020\/07\/visuel-entreprise-3.png\" alt=\"\" class=\"wp-image-177\"\/><\/figure>\n\n\n\n<h4>Jusqu\u2019\u00e0 l\u2019utilisation :<\/h4>\n<p>Pour nous, la livraison et la pose d\u2019un ouvrage ne sont pas la finalit\u00e9 d\u2019un projet, en effet, nous restons \u00e0 votre disposition en cas de probl\u00e8mes de mise en place autour du chantier, et nous nous assurons du bon fonctionnement des tunnels, ponts, passages souterrains ou encore des r\u00e9seaux que nous avons mis en place.<\/p>\n<p><\/p>\n<\/div><\/div>\n<\/div>\n<\/div>\n<\/div><\/div>\n\n\n\n<figure class=\"wp-block-embed-youtube aligncenter wp-block-embed is-type-video is-provider-youtube wp-embed-aspect-16-9 wp-has-aspect-ratio\"><div class=\"wp-block-embed__wrapper\">\n<iframe loading=\"lazy\" title=\"MATIERE\" width=\"580\" height=\"326\" src=\"https:\/\/www.youtube.com\/embed\/YjfiUJdIDPQ?feature=oembed\" frameborder=\"0\" allow=\"accelerometer; autoplay; clipboard-write; encrypted-media; gyroscope; picture-in-picture; web-share\" referrerpolicy=\"strict-origin-when-cross-origin\" allowfullscreen><\/iframe>\n<\/div><\/figure>","protected":false},"excerpt":{"rendered":"<p>D&rsquo;une petite entreprise familiale \u00e0 un leader de la construction de ponts, l&rsquo;histoire de Mati\u00e8re\u00ae est atypique. Et pourtant, l&rsquo;entreprise cantalienne emploie aujourd&rsquo;hui pr\u00e8s de 500 personnes et son activit\u00e9 rayonne \u00e0 l&rsquo;international avec une pr\u00e9sence sur les cinq continents. Identif\u00e9e sur son march\u00e9 pour ses ouvrages d&rsquo;art durables et performants, et notamment r\u00e9put\u00e9e pour [&hellip;]<\/p>\n","protected":false},"author":5,"featured_media":0,"parent":0,"menu_order":0,"comment_status":"closed","ping_status":"closed","template":"templates\/page-entreprise.php","meta":{"_acf_changed":false,"footnotes":""},"categories":[],"tags":[],"class_list":["post-189","page","type-page","status-publish","hentry"],"acf":[],"aioseo_notices":[],"_links":{"self":[{"href":"https:\/\/www.matiere-tp.com\/fr\/wp-json\/wp\/v2\/pages\/189","targetHints":{"allow":["GET"]}}],"collection":[{"href":"https:\/\/www.matiere-tp.com\/fr\/wp-json\/wp\/v2\/pages"}],"about":[{"href":"https:\/\/www.matiere-tp.com\/fr\/wp-json\/wp\/v2\/types\/page"}],"author":[{"embeddable":true,"href":"https:\/\/www.matiere-tp.com\/fr\/wp-json\/wp\/v2\/users\/5"}],"replies":[{"embeddable":true,"href":"https:\/\/www.matiere-tp.com\/fr\/wp-json\/wp\/v2\/comments?post=189"}],"version-history":[{"count":5,"href":"https:\/\/www.matiere-tp.com\/fr\/wp-json\/wp\/v2\/pages\/189\/revisions"}],"predecessor-version":[{"id":1123,"href":"https:\/\/www.matiere-tp.com\/fr\/wp-json\/wp\/v2\/pages\/189\/revisions\/1123"}],"wp:attachment":[{"href":"https:\/\/www.matiere-tp.com\/fr\/wp-json\/wp\/v2\/media?parent=189"}],"wp:term":[{"taxonomy":"category","embeddable":true,"href":"https:\/\/www.matiere-tp.com\/fr\/wp-json\/wp\/v2\/categories?post=189"},{"taxonomy":"post_tag","embeddable":true,"href":"https:\/\/www.matiere-tp.com\/fr\/wp-json\/wp\/v2\/tags?post=189"}],"curies":[{"name":"wp","href":"https:\/\/api.w.org\/{rel}","templated":true}]}}